{"id":1559,"date":"2020-12-30T11:25:22","date_gmt":"2020-12-30T11:25:22","guid":{"rendered":"http:\/\/casa-felix-tenerife.com\/index.php\/anreise\/"},"modified":"2023-06-13T16:53:45","modified_gmt":"2023-06-13T16:53:45","slug":"anreise","status":"publish","type":"page","link":"https:\/\/casa-felix-tenerife.com\/index.php\/anreise\/?lang=de","title":{"rendered":"Anreise"},"content":{"rendered":"<p>[et_pb_section fb_built=&#8221;1&#8243; admin_label=&#8221;Accommodations&#8221; _builder_version=&#8221;4.16&#8243; use_background_color_gradient=&#8221;on&#8221; background_color_gradient_direction=&#8221;150deg&#8221; background_color_gradient_stops=&#8221;rgba(92,113,135,0.63) 25%|rgba(38,46,53,0) 55%&#8221; background_color_gradient_overlays_image=&#8221;on&#8221; background_color_gradient_start=&#8221;rgba(92,113,135,0.63)&#8221; background_color_gradient_start_position=&#8221;25%&#8221; background_color_gradient_end=&#8221;rgba(38,46,53,0)&#8221; background_color_gradient_end_position=&#8221;55%&#8221; background_image=&#8221;https:\/\/casa-felix-tenerife.com\/wp-content\/uploads\/2020\/12\/House_Directions.jpg&#8221; custom_padding=&#8221;8vw|0px|280px|0px|false|false&#8221; locked=&#8221;off&#8221; global_colors_info=&#8221;{}&#8221;][et_pb_row _builder_version=&#8221;4.16&#8243; locked=&#8221;off&#8221; global_colors_info=&#8221;{}&#8221;][et_pb_column type=&#8221;4_4&#8243; _builder_version=&#8221;4.16&#8243; custom_padding=&#8221;|||&#8221; global_colors_info=&#8221;{}&#8221; custom_padding__hover=&#8221;|||&#8221;][et_pb_text _builder_version=&#8221;4.16&#8243; text_font=&#8221;||||||||&#8221; text_font_size=&#8221;16px&#8221; text_line_height=&#8221;2em&#8221; header_font=&#8221;||||||||&#8221; header_2_font=&#8221;Raleway|700|||||||&#8221; header_2_font_size=&#8221;50px&#8221; header_2_line_height=&#8221;1.2em&#8221; header_6_font=&#8221;Raleway|700||on|||||&#8221; header_6_font_size=&#8221;16px&#8221; header_6_letter_spacing=&#8221;5px&#8221; header_6_line_height=&#8221;1.8em&#8221; background_color=&#8221;rgba(92,113,135,0.21)&#8221; background_layout=&#8221;dark&#8221; width=&#8221;44.3%&#8221; width_tablet=&#8221;&#8221; width_phone=&#8221;80%&#8221; width_last_edited=&#8221;on|phone&#8221; max_width_tablet=&#8221;&#8221; max_width_phone=&#8221;&#8221; max_width_last_edited=&#8221;on|desktop&#8221; header_2_font_size_tablet=&#8221;35px&#8221; header_2_font_size_phone=&#8221;25px&#8221; header_2_font_size_last_edited=&#8221;on|phone&#8221; locked=&#8221;off&#8221; global_colors_info=&#8221;{}&#8221;]<\/p>\n<h2>Die Route nach Casa Felix<\/h2>\n<p><span>Aufgrund der g\u00fcnstigen Lage ist Teneriffa von Europa leicht zu erreichen. Mit \u00f6rtlichen Bussen ist die Insel hervorragend zu erforschen, denn Sie gelangen fast \u00fcberall hin. Aber um die etwas mehr versteckten Sch\u00e4tze von Teneriffa zu entdecken, empfehlen wir Ihnen einen Mietwagen.<\/span><\/p>\n<p>[\/et_pb_text][\/et_pb_column][\/et_pb_row][\/et_pb_section][et_pb_section fb_built=&#8221;1&#8243; custom_padding_last_edited=&#8221;on|phone&#8221; admin_label=&#8221;Amenities&#8221; _builder_version=&#8221;4.16&#8243; background_color=&#8221;#ffffff&#8221; width_tablet=&#8221;&#8221; width_phone=&#8221;&#8221; width_last_edited=&#8221;on|phone&#8221; max_width=&#8221;90%&#8221; max_width_tablet=&#8221;&#8221; max_width_phone=&#8221;100%&#8221; max_width_last_edited=&#8221;on|phone&#8221; custom_margin=&#8221;-160px|||&#8221; custom_margin_tablet=&#8221;&#8221; custom_margin_phone=&#8221;||||false|false&#8221; custom_margin_last_edited=&#8221;on|phone&#8221; custom_padding_tablet=&#8221;&#8221; custom_padding_phone=&#8221;|||0px|false|false&#8221; module_alignment_tablet=&#8221;&#8221; module_alignment_phone=&#8221;center&#8221; module_alignment_last_edited=&#8221;on|phone&#8221; border_color_all=&#8221;#ffffff&#8221; border_width_left=&#8221;10vw&#8221; locked=&#8221;off&#8221; global_colors_info=&#8221;{}&#8221;][et_pb_row _builder_version=&#8221;4.16&#8243; custom_margin=&#8221;||60px|&#8221; custom_margin_tablet=&#8221;||60px|30px|false|false&#8221; custom_margin_phone=&#8221;|||10px|false|false&#8221; custom_margin_last_edited=&#8221;on|tablet&#8221; locked=&#8221;off&#8221; global_colors_info=&#8221;{}&#8221;][et_pb_column type=&#8221;4_4&#8243; _builder_version=&#8221;4.16&#8243; custom_padding=&#8221;|||&#8221; global_colors_info=&#8221;{}&#8221; custom_padding__hover=&#8221;|||&#8221;][et_pb_text _builder_version=&#8221;4.16&#8243; text_font=&#8221;||||||||&#8221; text_font_size=&#8221;16px&#8221; text_line_height=&#8221;2em&#8221; header_font=&#8221;||||||||&#8221; header_2_font=&#8221;Raleway|700|||||||&#8221; header_2_font_size=&#8221;50px&#8221; header_2_line_height=&#8221;1.2em&#8221; header_6_font=&#8221;Raleway|700||on|||||&#8221; header_6_font_size=&#8221;16px&#8221; header_6_letter_spacing=&#8221;5px&#8221; header_6_line_height=&#8221;1.8em&#8221; text_orientation=&#8221;center&#8221; max_width=&#8221;700px&#8221; module_alignment=&#8221;center&#8221; header_2_font_size_tablet=&#8221;35px&#8221; header_2_font_size_phone=&#8221;25px&#8221; header_2_font_size_last_edited=&#8221;on|phone&#8221; global_colors_info=&#8221;{}&#8221;]<\/p>\n<h2>Die Route nach Casa Felix<\/h2>\n<p>[\/et_pb_text][et_pb_accordion _builder_version=&#8221;4.21.0&#8243; _module_preset=&#8221;default&#8221; hover_enabled=&#8221;0&#8243; global_colors_info=&#8221;{}&#8221; sticky_enabled=&#8221;0&#8243;][et_pb_accordion_item title=&#8221;Anreise&#8221; open=&#8221;on&#8221; icon_color=&#8221;#a3ba91&#8243; content_tablet=&#8221;&#8221; content_phone=&#8221;<\/p>\n<ul class=%22list-style2%22>\n<li>Take the TF1 heading West from the South airport.<\/li>\n<li>Get off at the Chio exit.<\/li>\n<li>Take the first right on to the TF 82 and head towards the center of the village.<\/li>\n<li>Immediately after the orange house (Delicias del Sol) on your right, make a right turn in front of the Colegio.<\/li>\n<li>At the T-junction turn left.<\/li>\n<li>Follow Calle la Sabina to Casa Felix (no 77).<\/li>\n<\/ul>\n<p>&#8221; content_last_edited=&#8221;on|phone&#8221; _builder_version=&#8221;4.21.0&#8243; _module_preset=&#8221;default&#8221; hover_enabled=&#8221;0&#8243; global_colors_info=&#8221;{}&#8221; sticky_enabled=&#8221;0&#8243;]<\/p>\n<ul class=\"list-style2\">\n<li>Nehmen Sie die TF1 Richtung Westen vom Flughafen.<\/li>\n<li>Biegen Sie an der Ausfahrt Chio aus.<\/li>\n<li>Nehmen Sie die erste rechts auf die TF 82 und fahren Sie Richtung Zentrum des Dorfes.<\/li>\n<li>Unmittelbar nach dem orangen Haus auf der rechten Seite, biegen Sie rechts vor dem Colegio ab.<\/li>\n<li>An der T-Kreuzung links abbiegen.<\/li>\n<li>Folgen Sie \u2018Calle la Sabina\u2019 ihr nach Casa Felix (no 77)!<\/li>\n<\/ul>\n<p><img loading=\"lazy\" decoding=\"async\" src=\"https:\/\/casa-felix-tenerife.com\/wp-content\/uploads\/2020\/12\/Casa-Felix-mapa-2017.jpg\" width=\"851\" height=\"599\" alt=\"\" class=\"wp-image-1125 alignnone size-full\" srcset=\"https:\/\/casa-felix-tenerife.com\/wp-content\/uploads\/2020\/12\/Casa-Felix-mapa-2017.jpg 851w, https:\/\/casa-felix-tenerife.com\/wp-content\/uploads\/2020\/12\/Casa-Felix-mapa-2017-480x338.jpg 480w\" sizes=\"(min-width: 0px) and (max-width: 480px) 480px, (min-width: 481px) 851px, 100vw\" \/><\/p>\n<p>[\/et_pb_accordion_item][et_pb_accordion_item title=&#8221;Fl\u00fcge nach Teneriffa&#8221; icon_color=&#8221;#a3ba91&#8243; _builder_version=&#8221;4.16&#8243; _module_preset=&#8221;default&#8221; global_colors_info=&#8221;{}&#8221; open=&#8221;off&#8221;]<\/p>\n<p>Viele Fluggesellschaften bieten Fl\u00fcge nach Teneriffa an:<\/p>\n<ul class=\"list-style2\">\n<li><a href=\"https:\/\/myholiday.austrian.com\/\" target=\"_blank\" rel=\"noopener noreferrer\">Austrian Holidays<\/a><\/li>\n<li><a href=\"https:\/\/www.britishairways.com\/\" target=\"_blank\" rel=\"noopener noreferrer\">British Airways<\/a><\/li>\n<li><a href=\"https:\/\/www.easyjet.com\/en\" target=\"_blank\" rel=\"noopener noreferrer\">Easy Jet<\/a><\/li>\n<li><a href=\"http:\/\/www.ltu.de\/docs\/de\/\" target=\"_blank\" rel=\"noopener noreferrer\">LTU<\/a><\/li>\n<li><a href=\"https:\/\/www.norwegian.com\/\" target=\"_blank\" rel=\"noopener noreferrer\">Norwegian<\/a><\/li>\n<li><a href=\"https:\/\/www.ryanair.com\/gb\/en\/\" target=\"_blank\" rel=\"noopener noreferrer\">Ryan Air<\/a><\/li>\n<li><a href=\"http:\/\/www.tuifly.com\/de\" target=\"_blank\" rel=\"noopener noreferrer\">Tui<\/a><\/li>\n<\/ul>\n<p>Sie k\u00f6nnen auch <span>\u00a0<\/span><a href=\"https:\/\/www.skyscanner.net\/\" target=\"_blank\" rel=\"noopener noreferrer\">skyscanner<\/a><span>\u00a0<\/span>f\u00fcr Flugvergleiche \u00fcberpr\u00fcfen.<\/p>\n<p>[\/et_pb_accordion_item][et_pb_accordion_item title=&#8221;Teneriffa erkunden&#8221; icon_color=&#8221;#a3ba91&#8243; content_tablet=&#8221;&#8221; content_phone=&#8221;<\/p>\n<p><a href=%22http:\/\/www.titsa.com\/%22 data-et-target-link=%22_blank%22 rel=%22noopener noreferrer%22>Bus timetables<\/a><\/p>\n<p>Both <a href=%22http:\/\/www.autoreisen.es\/%22 data-et-target-link=%22_blank%22 rel=%22noopener noreferrer%22>Autoreisen<\/a>  and <a href=%22http:\/\/www.orcarcanarias.com\/%22 data-et-target-link=%22_blank%22 rel=%22noopener noreferrer%22>Orcar<\/a>  offer favorable prices and uncomplicated car rentals.<\/p>\n<p>&#8221; content_last_edited=&#8221;on|phone&#8221; _builder_version=&#8221;4.21.0&#8243; _module_preset=&#8221;default&#8221; hover_enabled=&#8221;0&#8243; global_colors_info=&#8221;{}&#8221; open=&#8221;off&#8221; sticky_enabled=&#8221;0&#8243;]<\/p>\n<p><a href=\"http:\/\/www.titsa.com\/\" target=\"_blank\" rel=\"noopener noreferrer\">Bus timetables<\/a><\/p>\n<p>Sowohl\u00a0\u00a0<a href=\"http:\/\/www.autoreisen.es\/\" target=\"_blank\" rel=\"noopener noreferrer\">Autoreisen<\/a> als auch\u00a0<a href=\"https:\/\/www.cicar.com\" target=\"_blank\" rel=\"noopener noreferrer\">Cicar<\/a> bieten g\u00fcnstige Preise und unkomplizierte Autovermietungen an.<\/p>\n<p><img loading=\"lazy\" decoding=\"async\" src=\"https:\/\/casa-felix-tenerife.com\/wp-content\/uploads\/2020\/12\/Map_LonTenerife.png\" width=\"2500\" height=\"2500\" alt=\"Map of Tenerife\" class=\"wp-image-1248 alignnone size-full\" srcset=\"https:\/\/casa-felix-tenerife.com\/wp-content\/uploads\/2020\/12\/Map_LonTenerife.png 2500w, https:\/\/casa-felix-tenerife.com\/wp-content\/uploads\/2020\/12\/Map_LonTenerife-1280x1280.png 1280w, https:\/\/casa-felix-tenerife.com\/wp-content\/uploads\/2020\/12\/Map_LonTenerife-980x980.png 980w, https:\/\/casa-felix-tenerife.com\/wp-content\/uploads\/2020\/12\/Map_LonTenerife-480x480.png 480w\" sizes=\"(min-width: 0px) and (max-width: 480px) 480px, (min-width: 481px) and (max-width: 980px) 980px, (min-width: 981px) and (max-width: 1280px) 1280px, (min-width: 1281px) 2500px, 100vw\" \/><\/p>\n<p>[\/et_pb_accordion_item][et_pb_accordion_item title=&#8221;Reisen zwischen den Kanarischen Inseln&#8221; icon_color=&#8221;#a3ba91&#8243; _builder_version=&#8221;4.16&#8243; _module_preset=&#8221;default&#8221; global_colors_info=&#8221;{}&#8221; open=&#8221;off&#8221;]<\/p>\n<p><a href=\"http:\/\/www.fredolsen.es\/\" target=\"_blank\" rel=\"noopener noreferrer\">F\u00e4hren zu anderen Kanarischen Inseln<\/a><\/p>\n<p><img loading=\"lazy\" decoding=\"async\" src=\"https:\/\/casa-felix-tenerife.com\/wp-content\/uploads\/2020\/12\/ferries-1024x318.jpg\" width=\"1024\" height=\"318\" alt=\"\" class=\"wp-image-636 alignnone size-large\" srcset=\"https:\/\/casa-felix-tenerife.com\/wp-content\/uploads\/2020\/12\/ferries-980x305.jpg 980w, https:\/\/casa-felix-tenerife.com\/wp-content\/uploads\/2020\/12\/ferries-480x149.jpg 480w\" sizes=\"(min-width: 0px) and (max-width: 480px) 480px, (min-width: 481px) and (max-width: 980px) 980px, (min-width: 981px) 1024px, 100vw\" \/><\/p>\n<p>[\/et_pb_accordion_item][\/et_pb_accordion][\/et_pb_column][\/et_pb_row][\/et_pb_section]<\/p>\n","protected":false},"excerpt":{"rendered":"<p>Die Route nach Casa Felix Aufgrund der g\u00fcnstigen Lage ist Teneriffa von Europa leicht zu erreichen. Mit \u00f6rtlichen Bussen ist die Insel hervorragend zu erforschen, denn Sie gelangen fast \u00fcberall hin. Aber um die etwas mehr versteckten Sch\u00e4tze von Teneriffa zu entdecken, empfehlen wir Ihnen einen Mietwagen.Die Route nach Casa Felix Nehmen Sie die TF1 [&hellip;]<\/p>\n","protected":false},"author":1,"featured_media":0,"parent":0,"menu_order":0,"comment_status":"closed","ping_status":"closed","template":"","meta":{"_et_pb_use_builder":"on","_et_pb_old_content":"","_et_gb_content_width":"","footnotes":""},"class_list":["post-1559","page","type-page","status-publish","hentry"],"yoast_head":"<!-- This site is optimized with the Yoast SEO plugin v27.4 - https:\/\/yoast.com\/product\/yoast-seo-wordpress\/ -->\n<title>Anreise &#8211; Casa Felix<\/title>\n<meta name=\"robots\" content=\"index, follow, max-snippet:-1, max-image-preview:large, max-video-preview:-1\" \/>\n<link rel=\"canonical\" href=\"https:\/\/casa-felix-tenerife.com\/index.php\/anreise\/\" \/>\n<meta property=\"og:locale\" content=\"en_US\" \/>\n<meta property=\"og:type\" content=\"article\" \/>\n<meta property=\"og:title\" content=\"Anreise &#8211; Casa Felix\" \/>\n<meta property=\"og:url\" content=\"https:\/\/casa-felix-tenerife.com\/index.php\/anreise\/?lang=de\" \/>\n<meta property=\"og:site_name\" content=\"Casa Felix\" \/>\n<meta property=\"article:modified_time\" content=\"2023-06-13T16:53:45+00:00\" \/>\n<meta property=\"og:image\" content=\"https:\/\/casa-felix-tenerife.com\/wp-content\/uploads\/2020\/12\/Casa-Felix-mapa-2017.jpg\" \/>\n<meta name=\"twitter:card\" content=\"summary_large_image\" \/>\n<meta name=\"twitter:label1\" content=\"Est. reading time\" \/>\n\t<meta name=\"twitter:data1\" content=\"4 minutes\" \/>\n<script type=\"application\/ld+json\" class=\"yoast-schema-graph\">{\"@context\":\"https:\\\/\\\/schema.org\",\"@graph\":[{\"@type\":\"WebPage\",\"@id\":\"https:\\\/\\\/casa-felix-tenerife.com\\\/index.php\\\/anreise\\\/?lang=de\",\"url\":\"https:\\\/\\\/casa-felix-tenerife.com\\\/index.php\\\/anreise\\\/?lang=de\",\"name\":\"Anreise &#8211; Casa Felix\",\"isPartOf\":{\"@id\":\"https:\\\/\\\/casa-felix-tenerife.com\\\/#website\"},\"primaryImageOfPage\":{\"@id\":\"https:\\\/\\\/casa-felix-tenerife.com\\\/index.php\\\/anreise\\\/?lang=de#primaryimage\"},\"image\":{\"@id\":\"https:\\\/\\\/casa-felix-tenerife.com\\\/index.php\\\/anreise\\\/?lang=de#primaryimage\"},\"thumbnailUrl\":\"https:\\\/\\\/casa-felix-tenerife.com\\\/wp-content\\\/uploads\\\/2020\\\/12\\\/Casa-Felix-mapa-2017.jpg\",\"datePublished\":\"2020-12-30T11:25:22+00:00\",\"dateModified\":\"2023-06-13T16:53:45+00:00\",\"breadcrumb\":{\"@id\":\"https:\\\/\\\/casa-felix-tenerife.com\\\/index.php\\\/anreise\\\/?lang=de#breadcrumb\"},\"inLanguage\":\"en-US\",\"potentialAction\":[{\"@type\":\"ReadAction\",\"target\":[\"https:\\\/\\\/casa-felix-tenerife.com\\\/index.php\\\/anreise\\\/?lang=de\"]}]},{\"@type\":\"ImageObject\",\"inLanguage\":\"en-US\",\"@id\":\"https:\\\/\\\/casa-felix-tenerife.com\\\/index.php\\\/anreise\\\/?lang=de#primaryimage\",\"url\":\"https:\\\/\\\/casa-felix-tenerife.com\\\/wp-content\\\/uploads\\\/2020\\\/12\\\/Casa-Felix-mapa-2017.jpg\",\"contentUrl\":\"https:\\\/\\\/casa-felix-tenerife.com\\\/wp-content\\\/uploads\\\/2020\\\/12\\\/Casa-Felix-mapa-2017.jpg\",\"width\":851,\"height\":599,\"caption\":\"Personal map of Chio\"},{\"@type\":\"BreadcrumbList\",\"@id\":\"https:\\\/\\\/casa-felix-tenerife.com\\\/index.php\\\/anreise\\\/?lang=de#breadcrumb\",\"itemListElement\":[{\"@type\":\"ListItem\",\"position\":1,\"name\":\"Home\",\"item\":\"https:\\\/\\\/casa-felix-tenerife.com\\\/\"},{\"@type\":\"ListItem\",\"position\":2,\"name\":\"Anreise\"}]},{\"@type\":\"WebSite\",\"@id\":\"https:\\\/\\\/casa-felix-tenerife.com\\\/#website\",\"url\":\"https:\\\/\\\/casa-felix-tenerife.com\\\/\",\"name\":\"Casa Felix Tenerife\",\"description\":\"An oasis in Tenerife\",\"publisher\":{\"@id\":\"https:\\\/\\\/casa-felix-tenerife.com\\\/#\\\/schema\\\/person\\\/3f404fab29ec456b8c10f8b0b5c69eff\"},\"potentialAction\":[{\"@type\":\"SearchAction\",\"target\":{\"@type\":\"EntryPoint\",\"urlTemplate\":\"https:\\\/\\\/casa-felix-tenerife.com\\\/?s={search_term_string}\"},\"query-input\":{\"@type\":\"PropertyValueSpecification\",\"valueRequired\":true,\"valueName\":\"search_term_string\"}}],\"inLanguage\":\"en-US\"},{\"@type\":[\"Person\",\"Organization\"],\"@id\":\"https:\\\/\\\/casa-felix-tenerife.com\\\/#\\\/schema\\\/person\\\/3f404fab29ec456b8c10f8b0b5c69eff\",\"name\":\"admin\",\"image\":{\"@type\":\"ImageObject\",\"inLanguage\":\"en-US\",\"@id\":\"https:\\\/\\\/casa-felix-tenerife.com\\\/wp-content\\\/uploads\\\/2020\\\/12\\\/FInal-Logo_hrztl.png\",\"url\":\"https:\\\/\\\/casa-felix-tenerife.com\\\/wp-content\\\/uploads\\\/2020\\\/12\\\/FInal-Logo_hrztl.png\",\"contentUrl\":\"https:\\\/\\\/casa-felix-tenerife.com\\\/wp-content\\\/uploads\\\/2020\\\/12\\\/FInal-Logo_hrztl.png\",\"width\":512,\"height\":144,\"caption\":\"admin\"},\"logo\":{\"@id\":\"https:\\\/\\\/casa-felix-tenerife.com\\\/wp-content\\\/uploads\\\/2020\\\/12\\\/FInal-Logo_hrztl.png\"},\"sameAs\":[\"https:\\\/\\\/casa-felix-tenerife.com\"]}]}<\/script>\n<!-- \/ Yoast SEO plugin. -->","yoast_head_json":{"title":"Anreise &#8211; Casa Felix","robots":{"index":"index","follow":"follow","max-snippet":"max-snippet:-1","max-image-preview":"max-image-preview:large","max-video-preview":"max-video-preview:-1"},"canonical":"https:\/\/casa-felix-tenerife.com\/index.php\/anreise\/","og_locale":"en_US","og_type":"article","og_title":"Anreise &#8211; Casa Felix","og_url":"https:\/\/casa-felix-tenerife.com\/index.php\/anreise\/?lang=de","og_site_name":"Casa Felix","article_modified_time":"2023-06-13T16:53:45+00:00","og_image":[{"url":"https:\/\/casa-felix-tenerife.com\/wp-content\/uploads\/2020\/12\/Casa-Felix-mapa-2017.jpg","type":"","width":"","height":""}],"twitter_card":"summary_large_image","twitter_misc":{"Est. reading time":"4 minutes"},"schema":{"@context":"https:\/\/schema.org","@graph":[{"@type":"WebPage","@id":"https:\/\/casa-felix-tenerife.com\/index.php\/anreise\/?lang=de","url":"https:\/\/casa-felix-tenerife.com\/index.php\/anreise\/?lang=de","name":"Anreise &#8211; Casa Felix","isPartOf":{"@id":"https:\/\/casa-felix-tenerife.com\/#website"},"primaryImageOfPage":{"@id":"https:\/\/casa-felix-tenerife.com\/index.php\/anreise\/?lang=de#primaryimage"},"image":{"@id":"https:\/\/casa-felix-tenerife.com\/index.php\/anreise\/?lang=de#primaryimage"},"thumbnailUrl":"https:\/\/casa-felix-tenerife.com\/wp-content\/uploads\/2020\/12\/Casa-Felix-mapa-2017.jpg","datePublished":"2020-12-30T11:25:22+00:00","dateModified":"2023-06-13T16:53:45+00:00","breadcrumb":{"@id":"https:\/\/casa-felix-tenerife.com\/index.php\/anreise\/?lang=de#breadcrumb"},"inLanguage":"en-US","potentialAction":[{"@type":"ReadAction","target":["https:\/\/casa-felix-tenerife.com\/index.php\/anreise\/?lang=de"]}]},{"@type":"ImageObject","inLanguage":"en-US","@id":"https:\/\/casa-felix-tenerife.com\/index.php\/anreise\/?lang=de#primaryimage","url":"https:\/\/casa-felix-tenerife.com\/wp-content\/uploads\/2020\/12\/Casa-Felix-mapa-2017.jpg","contentUrl":"https:\/\/casa-felix-tenerife.com\/wp-content\/uploads\/2020\/12\/Casa-Felix-mapa-2017.jpg","width":851,"height":599,"caption":"Personal map of Chio"},{"@type":"BreadcrumbList","@id":"https:\/\/casa-felix-tenerife.com\/index.php\/anreise\/?lang=de#breadcrumb","itemListElement":[{"@type":"ListItem","position":1,"name":"Home","item":"https:\/\/casa-felix-tenerife.com\/"},{"@type":"ListItem","position":2,"name":"Anreise"}]},{"@type":"WebSite","@id":"https:\/\/casa-felix-tenerife.com\/#website","url":"https:\/\/casa-felix-tenerife.com\/","name":"Casa Felix Tenerife","description":"An oasis in Tenerife","publisher":{"@id":"https:\/\/casa-felix-tenerife.com\/#\/schema\/person\/3f404fab29ec456b8c10f8b0b5c69eff"},"potentialAction":[{"@type":"SearchAction","target":{"@type":"EntryPoint","urlTemplate":"https:\/\/casa-felix-tenerife.com\/?s={search_term_string}"},"query-input":{"@type":"PropertyValueSpecification","valueRequired":true,"valueName":"search_term_string"}}],"inLanguage":"en-US"},{"@type":["Person","Organization"],"@id":"https:\/\/casa-felix-tenerife.com\/#\/schema\/person\/3f404fab29ec456b8c10f8b0b5c69eff","name":"admin","image":{"@type":"ImageObject","inLanguage":"en-US","@id":"https:\/\/casa-felix-tenerife.com\/wp-content\/uploads\/2020\/12\/FInal-Logo_hrztl.png","url":"https:\/\/casa-felix-tenerife.com\/wp-content\/uploads\/2020\/12\/FInal-Logo_hrztl.png","contentUrl":"https:\/\/casa-felix-tenerife.com\/wp-content\/uploads\/2020\/12\/FInal-Logo_hrztl.png","width":512,"height":144,"caption":"admin"},"logo":{"@id":"https:\/\/casa-felix-tenerife.com\/wp-content\/uploads\/2020\/12\/FInal-Logo_hrztl.png"},"sameAs":["https:\/\/casa-felix-tenerife.com"]}]}},"_links":{"self":[{"href":"https:\/\/casa-felix-tenerife.com\/index.php\/wp-json\/wp\/v2\/pages\/1559","targetHints":{"allow":["GET"]}}],"collection":[{"href":"https:\/\/casa-felix-tenerife.com\/index.php\/wp-json\/wp\/v2\/pages"}],"about":[{"href":"https:\/\/casa-felix-tenerife.com\/index.php\/wp-json\/wp\/v2\/types\/page"}],"author":[{"embeddable":true,"href":"https:\/\/casa-felix-tenerife.com\/index.php\/wp-json\/wp\/v2\/users\/1"}],"replies":[{"embeddable":true,"href":"https:\/\/casa-felix-tenerife.com\/index.php\/wp-json\/wp\/v2\/comments?post=1559"}],"version-history":[{"count":0,"href":"https:\/\/casa-felix-tenerife.com\/index.php\/wp-json\/wp\/v2\/pages\/1559\/revisions"}],"wp:attachment":[{"href":"https:\/\/casa-felix-tenerife.com\/index.php\/wp-json\/wp\/v2\/media?parent=1559"}],"curies":[{"name":"wp","href":"https:\/\/api.w.org\/{rel}","templated":true}]}}