{"id":1749,"date":"2020-12-30T15:03:01","date_gmt":"2020-12-30T15:03:01","guid":{"rendered":"http:\/\/casa-felix-tenerife.com\/index.php\/reservation-confirmee\/"},"modified":"2022-04-24T11:25:15","modified_gmt":"2022-04-24T11:25:15","slug":"reservation-confirmee","status":"publish","type":"page","link":"https:\/\/casa-felix-tenerife.com\/index.php\/confirmation-de-reservation\/reservation-confirmee\/?lang=fr","title":{"rendered":"R\u00e9servation confirm\u00e9e"},"content":{"rendered":"<p>Nous avons le plaisir de vous informer que votre demande de r\u00e9servation a \u00e9t\u00e9 re\u00e7ue et confirm\u00e9e.<\/p>\n<p><span style=\"color: #ff0000;\"><strong>Un acompte de 10% est requis dans les 24 heures pour garantir votre r\u00e9servation. Consultez votre e-mail pour plus de d\u00e9tails. Le reste de votre paiement est d\u00fb en esp\u00e8ces \u00e0 l&#8217;arriv\u00e9e.<\/strong><\/span><\/p>\n<div class=\"mphb_sc_booking_confirmation\"><\/div>\n","protected":false},"excerpt":{"rendered":"<p>Nous avons le plaisir de vous informer que votre demande de r\u00e9servation a \u00e9t\u00e9 re\u00e7ue et confirm\u00e9e. Un acompte de 10% est requis dans les 24 heures pour garantir votre r\u00e9servation. Consultez votre e-mail pour plus de d\u00e9tails. Le reste de votre paiement est d\u00fb en esp\u00e8ces \u00e0 l&#8217;arriv\u00e9e.<\/p>\n","protected":false},"author":1,"featured_media":0,"parent":1751,"menu_order":0,"comment_status":"closed","ping_status":"closed","template":"","meta":{"_et_pb_use_builder":"off","_et_pb_old_content":"","_et_gb_content_width":"","footnotes":""},"class_list":["post-1749","page","type-page","status-publish","hentry"],"yoast_head":"<!-- This site is optimized with the Yoast SEO plugin v27.5 - https:\/\/yoast.com\/product\/yoast-seo-wordpress\/ -->\n<title>R\u00e9servation confirm\u00e9e &#8211; Casa Felix<\/title>\n<meta name=\"robots\" content=\"index, follow, max-snippet:-1, max-image-preview:large, max-video-preview:-1\" \/>\n<link rel=\"canonical\" href=\"https:\/\/casa-felix-tenerife.com\/index.php\/confirmation-de-reservation\/reservation-confirmee\/\" \/>\n<meta property=\"og:locale\" content=\"en_US\" \/>\n<meta property=\"og:type\" content=\"article\" \/>\n<meta property=\"og:title\" content=\"R\u00e9servation confirm\u00e9e &#8211; Casa Felix\" \/>\n<meta property=\"og:description\" content=\"Nous avons le plaisir de vous informer que votre demande de r\u00e9servation a \u00e9t\u00e9 re\u00e7ue et confirm\u00e9e. Un acompte de 10% est requis dans les 24 heures pour garantir votre r\u00e9servation. Consultez votre e-mail pour plus de d\u00e9tails. Le reste de votre paiement est d\u00fb en esp\u00e8ces \u00e0 l&#8217;arriv\u00e9e.\" \/>\n<meta property=\"og:url\" content=\"https:\/\/casa-felix-tenerife.com\/index.php\/confirmation-de-reservation\/reservation-confirmee\/?lang=fr\" \/>\n<meta property=\"og:site_name\" content=\"Casa Felix\" \/>\n<meta property=\"article:modified_time\" content=\"2022-04-24T11:25:15+00:00\" \/>\n<meta name=\"twitter:card\" content=\"summary_large_image\" \/>\n<script type=\"application\/ld+json\" class=\"yoast-schema-graph\">{\"@context\":\"https:\\\/\\\/schema.org\",\"@graph\":[{\"@type\":\"WebPage\",\"@id\":\"https:\\\/\\\/casa-felix-tenerife.com\\\/index.php\\\/confirmation-de-reservation\\\/reservation-confirmee\\\/?lang=fr\",\"url\":\"https:\\\/\\\/casa-felix-tenerife.com\\\/index.php\\\/confirmation-de-reservation\\\/reservation-confirmee\\\/?lang=fr\",\"name\":\"R\u00e9servation confirm\u00e9e &#8211; Casa Felix\",\"isPartOf\":{\"@id\":\"https:\\\/\\\/casa-felix-tenerife.com\\\/#website\"},\"datePublished\":\"2020-12-30T15:03:01+00:00\",\"dateModified\":\"2022-04-24T11:25:15+00:00\",\"breadcrumb\":{\"@id\":\"https:\\\/\\\/casa-felix-tenerife.com\\\/index.php\\\/confirmation-de-reservation\\\/reservation-confirmee\\\/?lang=fr#breadcrumb\"},\"inLanguage\":\"en-US\",\"potentialAction\":[{\"@type\":\"ReadAction\",\"target\":[\"https:\\\/\\\/casa-felix-tenerife.com\\\/index.php\\\/confirmation-de-reservation\\\/reservation-confirmee\\\/?lang=fr\"]}]},{\"@type\":\"BreadcrumbList\",\"@id\":\"https:\\\/\\\/casa-felix-tenerife.com\\\/index.php\\\/confirmation-de-reservation\\\/reservation-confirmee\\\/?lang=fr#breadcrumb\",\"itemListElement\":[{\"@type\":\"ListItem\",\"position\":1,\"name\":\"Home\",\"item\":\"https:\\\/\\\/casa-felix-tenerife.com\\\/\"},{\"@type\":\"ListItem\",\"position\":2,\"name\":\"Confirmation de r\u00e9servation\",\"item\":\"https:\\\/\\\/casa-felix-tenerife.com\\\/index.php\\\/booking-confirmation\\\/\"},{\"@type\":\"ListItem\",\"position\":3,\"name\":\"R\u00e9servation confirm\u00e9e\"}]},{\"@type\":\"WebSite\",\"@id\":\"https:\\\/\\\/casa-felix-tenerife.com\\\/#website\",\"url\":\"https:\\\/\\\/casa-felix-tenerife.com\\\/\",\"name\":\"Casa Felix Tenerife\",\"description\":\"An oasis in Tenerife\",\"publisher\":{\"@id\":\"https:\\\/\\\/casa-felix-tenerife.com\\\/#\\\/schema\\\/person\\\/3f404fab29ec456b8c10f8b0b5c69eff\"},\"potentialAction\":[{\"@type\":\"SearchAction\",\"target\":{\"@type\":\"EntryPoint\",\"urlTemplate\":\"https:\\\/\\\/casa-felix-tenerife.com\\\/?s={search_term_string}\"},\"query-input\":{\"@type\":\"PropertyValueSpecification\",\"valueRequired\":true,\"valueName\":\"search_term_string\"}}],\"inLanguage\":\"en-US\"},{\"@type\":[\"Person\",\"Organization\"],\"@id\":\"https:\\\/\\\/casa-felix-tenerife.com\\\/#\\\/schema\\\/person\\\/3f404fab29ec456b8c10f8b0b5c69eff\",\"name\":\"admin\",\"image\":{\"@type\":\"ImageObject\",\"inLanguage\":\"en-US\",\"@id\":\"https:\\\/\\\/casa-felix-tenerife.com\\\/wp-content\\\/uploads\\\/2020\\\/12\\\/FInal-Logo_hrztl.png\",\"url\":\"https:\\\/\\\/casa-felix-tenerife.com\\\/wp-content\\\/uploads\\\/2020\\\/12\\\/FInal-Logo_hrztl.png\",\"contentUrl\":\"https:\\\/\\\/casa-felix-tenerife.com\\\/wp-content\\\/uploads\\\/2020\\\/12\\\/FInal-Logo_hrztl.png\",\"width\":512,\"height\":144,\"caption\":\"admin\"},\"logo\":{\"@id\":\"https:\\\/\\\/casa-felix-tenerife.com\\\/wp-content\\\/uploads\\\/2020\\\/12\\\/FInal-Logo_hrztl.png\"},\"sameAs\":[\"https:\\\/\\\/casa-felix-tenerife.com\"]}]}<\/script>\n<!-- \/ Yoast SEO plugin. -->","yoast_head_json":{"title":"R\u00e9servation confirm\u00e9e &#8211; Casa Felix","robots":{"index":"index","follow":"follow","max-snippet":"max-snippet:-1","max-image-preview":"max-image-preview:large","max-video-preview":"max-video-preview:-1"},"canonical":"https:\/\/casa-felix-tenerife.com\/index.php\/confirmation-de-reservation\/reservation-confirmee\/","og_locale":"en_US","og_type":"article","og_title":"R\u00e9servation confirm\u00e9e &#8211; Casa Felix","og_description":"Nous avons le plaisir de vous informer que votre demande de r\u00e9servation a \u00e9t\u00e9 re\u00e7ue et confirm\u00e9e. Un acompte de 10% est requis dans les 24 heures pour garantir votre r\u00e9servation. Consultez votre e-mail pour plus de d\u00e9tails. Le reste de votre paiement est d\u00fb en esp\u00e8ces \u00e0 l&#8217;arriv\u00e9e.","og_url":"https:\/\/casa-felix-tenerife.com\/index.php\/confirmation-de-reservation\/reservation-confirmee\/?lang=fr","og_site_name":"Casa Felix","article_modified_time":"2022-04-24T11:25:15+00:00","twitter_card":"summary_large_image","schema":{"@context":"https:\/\/schema.org","@graph":[{"@type":"WebPage","@id":"https:\/\/casa-felix-tenerife.com\/index.php\/confirmation-de-reservation\/reservation-confirmee\/?lang=fr","url":"https:\/\/casa-felix-tenerife.com\/index.php\/confirmation-de-reservation\/reservation-confirmee\/?lang=fr","name":"R\u00e9servation confirm\u00e9e &#8211; Casa Felix","isPartOf":{"@id":"https:\/\/casa-felix-tenerife.com\/#website"},"datePublished":"2020-12-30T15:03:01+00:00","dateModified":"2022-04-24T11:25:15+00:00","breadcrumb":{"@id":"https:\/\/casa-felix-tenerife.com\/index.php\/confirmation-de-reservation\/reservation-confirmee\/?lang=fr#breadcrumb"},"inLanguage":"en-US","potentialAction":[{"@type":"ReadAction","target":["https:\/\/casa-felix-tenerife.com\/index.php\/confirmation-de-reservation\/reservation-confirmee\/?lang=fr"]}]},{"@type":"BreadcrumbList","@id":"https:\/\/casa-felix-tenerife.com\/index.php\/confirmation-de-reservation\/reservation-confirmee\/?lang=fr#breadcrumb","itemListElement":[{"@type":"ListItem","position":1,"name":"Home","item":"https:\/\/casa-felix-tenerife.com\/"},{"@type":"ListItem","position":2,"name":"Confirmation de r\u00e9servation","item":"https:\/\/casa-felix-tenerife.com\/index.php\/booking-confirmation\/"},{"@type":"ListItem","position":3,"name":"R\u00e9servation confirm\u00e9e"}]},{"@type":"WebSite","@id":"https:\/\/casa-felix-tenerife.com\/#website","url":"https:\/\/casa-felix-tenerife.com\/","name":"Casa Felix Tenerife","description":"An oasis in Tenerife","publisher":{"@id":"https:\/\/casa-felix-tenerife.com\/#\/schema\/person\/3f404fab29ec456b8c10f8b0b5c69eff"},"potentialAction":[{"@type":"SearchAction","target":{"@type":"EntryPoint","urlTemplate":"https:\/\/casa-felix-tenerife.com\/?s={search_term_string}"},"query-input":{"@type":"PropertyValueSpecification","valueRequired":true,"valueName":"search_term_string"}}],"inLanguage":"en-US"},{"@type":["Person","Organization"],"@id":"https:\/\/casa-felix-tenerife.com\/#\/schema\/person\/3f404fab29ec456b8c10f8b0b5c69eff","name":"admin","image":{"@type":"ImageObject","inLanguage":"en-US","@id":"https:\/\/casa-felix-tenerife.com\/wp-content\/uploads\/2020\/12\/FInal-Logo_hrztl.png","url":"https:\/\/casa-felix-tenerife.com\/wp-content\/uploads\/2020\/12\/FInal-Logo_hrztl.png","contentUrl":"https:\/\/casa-felix-tenerife.com\/wp-content\/uploads\/2020\/12\/FInal-Logo_hrztl.png","width":512,"height":144,"caption":"admin"},"logo":{"@id":"https:\/\/casa-felix-tenerife.com\/wp-content\/uploads\/2020\/12\/FInal-Logo_hrztl.png"},"sameAs":["https:\/\/casa-felix-tenerife.com"]}]}},"_links":{"self":[{"href":"https:\/\/casa-felix-tenerife.com\/index.php\/wp-json\/wp\/v2\/pages\/1749","targetHints":{"allow":["GET"]}}],"collection":[{"href":"https:\/\/casa-felix-tenerife.com\/index.php\/wp-json\/wp\/v2\/pages"}],"about":[{"href":"https:\/\/casa-felix-tenerife.com\/index.php\/wp-json\/wp\/v2\/types\/page"}],"author":[{"embeddable":true,"href":"https:\/\/casa-felix-tenerife.com\/index.php\/wp-json\/wp\/v2\/users\/1"}],"replies":[{"embeddable":true,"href":"https:\/\/casa-felix-tenerife.com\/index.php\/wp-json\/wp\/v2\/comments?post=1749"}],"version-history":[{"count":0,"href":"https:\/\/casa-felix-tenerife.com\/index.php\/wp-json\/wp\/v2\/pages\/1749\/revisions"}],"up":[{"embeddable":true,"href":"https:\/\/casa-felix-tenerife.com\/index.php\/wp-json\/wp\/v2\/pages\/1751"}],"wp:attachment":[{"href":"https:\/\/casa-felix-tenerife.com\/index.php\/wp-json\/wp\/v2\/media?parent=1749"}],"curies":[{"name":"wp","href":"https:\/\/api.w.org\/{rel}","templated":true}]}}