{"id":1750,"date":"2020-12-30T15:04:11","date_gmt":"2020-12-30T15:04:11","guid":{"rendered":"http:\/\/casa-felix-tenerife.com\/index.php\/buchung-bestaetigt\/"},"modified":"2020-12-30T15:04:11","modified_gmt":"2020-12-30T15:04:11","slug":"buchung-bestaetigt","status":"publish","type":"page","link":"https:\/\/casa-felix-tenerife.com\/index.php\/buchungsbestaetigung\/buchung-bestaetigt\/?lang=de","title":{"rendered":"Buchung best\u00e4tigt"},"content":{"rendered":"<p>Wir freuen uns, Ihnen mitteilen zu k\u00f6nnen, dass Ihre Reservierungsanfrage eingegangen und best\u00e4tigt wurde.<\/p>\n<p><span style=\"color: #ff0000;\"><strong>Innerhalb von 24 Stunden ist eine Anzahlung von 10% erforderlich, um Ihre Buchung zu sichern. Einzelheiten finden Sie in Ihrer E-Mail. Der Restbetrag Ihrer Zahlung ist bei Ankunft in bar f\u00e4llig.<\/strong><\/span><\/p>\n<div class=\"mphb_sc_booking_confirmation\"><\/div>\n","protected":false},"excerpt":{"rendered":"<p>Wir freuen uns, Ihnen mitteilen zu k\u00f6nnen, dass Ihre Reservierungsanfrage eingegangen und best\u00e4tigt wurde. Innerhalb von 24 Stunden ist eine Anzahlung von 10% erforderlich, um Ihre Buchung zu sichern. Einzelheiten finden Sie in Ihrer E-Mail. Der Restbetrag Ihrer Zahlung ist bei Ankunft in bar f\u00e4llig.<\/p>\n","protected":false},"author":1,"featured_media":0,"parent":1754,"menu_order":0,"comment_status":"closed","ping_status":"closed","template":"","meta":{"_et_pb_use_builder":"off","_et_pb_old_content":"","_et_gb_content_width":"","footnotes":""},"class_list":["post-1750","page","type-page","status-publish","hentry"],"yoast_head":"<!-- This site is optimized with the Yoast SEO plugin v27.4 - https:\/\/yoast.com\/product\/yoast-seo-wordpress\/ -->\n<title>Buchung best\u00e4tigt &#8211; Casa Felix<\/title>\n<meta name=\"robots\" content=\"index, follow, max-snippet:-1, max-image-preview:large, max-video-preview:-1\" \/>\n<link rel=\"canonical\" href=\"https:\/\/casa-felix-tenerife.com\/index.php\/buchungsbestaetigung\/buchung-bestaetigt\/\" \/>\n<meta property=\"og:locale\" content=\"en_US\" \/>\n<meta property=\"og:type\" content=\"article\" \/>\n<meta property=\"og:title\" content=\"Buchung best\u00e4tigt &#8211; Casa Felix\" \/>\n<meta property=\"og:description\" content=\"Wir freuen uns, Ihnen mitteilen zu k\u00f6nnen, dass Ihre Reservierungsanfrage eingegangen und best\u00e4tigt wurde. Innerhalb von 24 Stunden ist eine Anzahlung von 10% erforderlich, um Ihre Buchung zu sichern. Einzelheiten finden Sie in Ihrer E-Mail. Der Restbetrag Ihrer Zahlung ist bei Ankunft in bar f\u00e4llig.\" \/>\n<meta property=\"og:url\" content=\"https:\/\/casa-felix-tenerife.com\/index.php\/buchungsbestaetigung\/buchung-bestaetigt\/?lang=de\" \/>\n<meta property=\"og:site_name\" content=\"Casa Felix\" \/>\n<meta name=\"twitter:card\" content=\"summary_large_image\" \/>\n<script type=\"application\/ld+json\" class=\"yoast-schema-graph\">{\"@context\":\"https:\\\/\\\/schema.org\",\"@graph\":[{\"@type\":\"WebPage\",\"@id\":\"https:\\\/\\\/casa-felix-tenerife.com\\\/index.php\\\/buchungsbestaetigung\\\/buchung-bestaetigt\\\/?lang=de\",\"url\":\"https:\\\/\\\/casa-felix-tenerife.com\\\/index.php\\\/buchungsbestaetigung\\\/buchung-bestaetigt\\\/?lang=de\",\"name\":\"Buchung best\u00e4tigt &#8211; Casa Felix\",\"isPartOf\":{\"@id\":\"https:\\\/\\\/casa-felix-tenerife.com\\\/#website\"},\"datePublished\":\"2020-12-30T15:04:11+00:00\",\"breadcrumb\":{\"@id\":\"https:\\\/\\\/casa-felix-tenerife.com\\\/index.php\\\/buchungsbestaetigung\\\/buchung-bestaetigt\\\/?lang=de#breadcrumb\"},\"inLanguage\":\"en-US\",\"potentialAction\":[{\"@type\":\"ReadAction\",\"target\":[\"https:\\\/\\\/casa-felix-tenerife.com\\\/index.php\\\/buchungsbestaetigung\\\/buchung-bestaetigt\\\/?lang=de\"]}]},{\"@type\":\"BreadcrumbList\",\"@id\":\"https:\\\/\\\/casa-felix-tenerife.com\\\/index.php\\\/buchungsbestaetigung\\\/buchung-bestaetigt\\\/?lang=de#breadcrumb\",\"itemListElement\":[{\"@type\":\"ListItem\",\"position\":1,\"name\":\"Home\",\"item\":\"https:\\\/\\\/casa-felix-tenerife.com\\\/\"},{\"@type\":\"ListItem\",\"position\":2,\"name\":\"Buchungsbest\u00e4tigung\",\"item\":\"https:\\\/\\\/casa-felix-tenerife.com\\\/index.php\\\/buchungsbestaetigung\\\/\"},{\"@type\":\"ListItem\",\"position\":3,\"name\":\"Buchung best\u00e4tigt\"}]},{\"@type\":\"WebSite\",\"@id\":\"https:\\\/\\\/casa-felix-tenerife.com\\\/#website\",\"url\":\"https:\\\/\\\/casa-felix-tenerife.com\\\/\",\"name\":\"Casa Felix Tenerife\",\"description\":\"An oasis in Tenerife\",\"publisher\":{\"@id\":\"https:\\\/\\\/casa-felix-tenerife.com\\\/#\\\/schema\\\/person\\\/3f404fab29ec456b8c10f8b0b5c69eff\"},\"potentialAction\":[{\"@type\":\"SearchAction\",\"target\":{\"@type\":\"EntryPoint\",\"urlTemplate\":\"https:\\\/\\\/casa-felix-tenerife.com\\\/?s={search_term_string}\"},\"query-input\":{\"@type\":\"PropertyValueSpecification\",\"valueRequired\":true,\"valueName\":\"search_term_string\"}}],\"inLanguage\":\"en-US\"},{\"@type\":[\"Person\",\"Organization\"],\"@id\":\"https:\\\/\\\/casa-felix-tenerife.com\\\/#\\\/schema\\\/person\\\/3f404fab29ec456b8c10f8b0b5c69eff\",\"name\":\"admin\",\"image\":{\"@type\":\"ImageObject\",\"inLanguage\":\"en-US\",\"@id\":\"https:\\\/\\\/casa-felix-tenerife.com\\\/wp-content\\\/uploads\\\/2020\\\/12\\\/FInal-Logo_hrztl.png\",\"url\":\"https:\\\/\\\/casa-felix-tenerife.com\\\/wp-content\\\/uploads\\\/2020\\\/12\\\/FInal-Logo_hrztl.png\",\"contentUrl\":\"https:\\\/\\\/casa-felix-tenerife.com\\\/wp-content\\\/uploads\\\/2020\\\/12\\\/FInal-Logo_hrztl.png\",\"width\":512,\"height\":144,\"caption\":\"admin\"},\"logo\":{\"@id\":\"https:\\\/\\\/casa-felix-tenerife.com\\\/wp-content\\\/uploads\\\/2020\\\/12\\\/FInal-Logo_hrztl.png\"},\"sameAs\":[\"https:\\\/\\\/casa-felix-tenerife.com\"]}]}<\/script>\n<!-- \/ Yoast SEO plugin. -->","yoast_head_json":{"title":"Buchung best\u00e4tigt &#8211; Casa Felix","robots":{"index":"index","follow":"follow","max-snippet":"max-snippet:-1","max-image-preview":"max-image-preview:large","max-video-preview":"max-video-preview:-1"},"canonical":"https:\/\/casa-felix-tenerife.com\/index.php\/buchungsbestaetigung\/buchung-bestaetigt\/","og_locale":"en_US","og_type":"article","og_title":"Buchung best\u00e4tigt &#8211; Casa Felix","og_description":"Wir freuen uns, Ihnen mitteilen zu k\u00f6nnen, dass Ihre Reservierungsanfrage eingegangen und best\u00e4tigt wurde. Innerhalb von 24 Stunden ist eine Anzahlung von 10% erforderlich, um Ihre Buchung zu sichern. Einzelheiten finden Sie in Ihrer E-Mail. Der Restbetrag Ihrer Zahlung ist bei Ankunft in bar f\u00e4llig.","og_url":"https:\/\/casa-felix-tenerife.com\/index.php\/buchungsbestaetigung\/buchung-bestaetigt\/?lang=de","og_site_name":"Casa Felix","twitter_card":"summary_large_image","schema":{"@context":"https:\/\/schema.org","@graph":[{"@type":"WebPage","@id":"https:\/\/casa-felix-tenerife.com\/index.php\/buchungsbestaetigung\/buchung-bestaetigt\/?lang=de","url":"https:\/\/casa-felix-tenerife.com\/index.php\/buchungsbestaetigung\/buchung-bestaetigt\/?lang=de","name":"Buchung best\u00e4tigt &#8211; Casa Felix","isPartOf":{"@id":"https:\/\/casa-felix-tenerife.com\/#website"},"datePublished":"2020-12-30T15:04:11+00:00","breadcrumb":{"@id":"https:\/\/casa-felix-tenerife.com\/index.php\/buchungsbestaetigung\/buchung-bestaetigt\/?lang=de#breadcrumb"},"inLanguage":"en-US","potentialAction":[{"@type":"ReadAction","target":["https:\/\/casa-felix-tenerife.com\/index.php\/buchungsbestaetigung\/buchung-bestaetigt\/?lang=de"]}]},{"@type":"BreadcrumbList","@id":"https:\/\/casa-felix-tenerife.com\/index.php\/buchungsbestaetigung\/buchung-bestaetigt\/?lang=de#breadcrumb","itemListElement":[{"@type":"ListItem","position":1,"name":"Home","item":"https:\/\/casa-felix-tenerife.com\/"},{"@type":"ListItem","position":2,"name":"Buchungsbest\u00e4tigung","item":"https:\/\/casa-felix-tenerife.com\/index.php\/buchungsbestaetigung\/"},{"@type":"ListItem","position":3,"name":"Buchung best\u00e4tigt"}]},{"@type":"WebSite","@id":"https:\/\/casa-felix-tenerife.com\/#website","url":"https:\/\/casa-felix-tenerife.com\/","name":"Casa Felix Tenerife","description":"An oasis in Tenerife","publisher":{"@id":"https:\/\/casa-felix-tenerife.com\/#\/schema\/person\/3f404fab29ec456b8c10f8b0b5c69eff"},"potentialAction":[{"@type":"SearchAction","target":{"@type":"EntryPoint","urlTemplate":"https:\/\/casa-felix-tenerife.com\/?s={search_term_string}"},"query-input":{"@type":"PropertyValueSpecification","valueRequired":true,"valueName":"search_term_string"}}],"inLanguage":"en-US"},{"@type":["Person","Organization"],"@id":"https:\/\/casa-felix-tenerife.com\/#\/schema\/person\/3f404fab29ec456b8c10f8b0b5c69eff","name":"admin","image":{"@type":"ImageObject","inLanguage":"en-US","@id":"https:\/\/casa-felix-tenerife.com\/wp-content\/uploads\/2020\/12\/FInal-Logo_hrztl.png","url":"https:\/\/casa-felix-tenerife.com\/wp-content\/uploads\/2020\/12\/FInal-Logo_hrztl.png","contentUrl":"https:\/\/casa-felix-tenerife.com\/wp-content\/uploads\/2020\/12\/FInal-Logo_hrztl.png","width":512,"height":144,"caption":"admin"},"logo":{"@id":"https:\/\/casa-felix-tenerife.com\/wp-content\/uploads\/2020\/12\/FInal-Logo_hrztl.png"},"sameAs":["https:\/\/casa-felix-tenerife.com"]}]}},"_links":{"self":[{"href":"https:\/\/casa-felix-tenerife.com\/index.php\/wp-json\/wp\/v2\/pages\/1750","targetHints":{"allow":["GET"]}}],"collection":[{"href":"https:\/\/casa-felix-tenerife.com\/index.php\/wp-json\/wp\/v2\/pages"}],"about":[{"href":"https:\/\/casa-felix-tenerife.com\/index.php\/wp-json\/wp\/v2\/types\/page"}],"author":[{"embeddable":true,"href":"https:\/\/casa-felix-tenerife.com\/index.php\/wp-json\/wp\/v2\/users\/1"}],"replies":[{"embeddable":true,"href":"https:\/\/casa-felix-tenerife.com\/index.php\/wp-json\/wp\/v2\/comments?post=1750"}],"version-history":[{"count":0,"href":"https:\/\/casa-felix-tenerife.com\/index.php\/wp-json\/wp\/v2\/pages\/1750\/revisions"}],"up":[{"embeddable":true,"href":"https:\/\/casa-felix-tenerife.com\/index.php\/wp-json\/wp\/v2\/pages\/1754"}],"wp:attachment":[{"href":"https:\/\/casa-felix-tenerife.com\/index.php\/wp-json\/wp\/v2\/media?parent=1750"}],"curies":[{"name":"wp","href":"https:\/\/api.w.org\/{rel}","templated":true}]}}